{"id":121,"date":"2014-06-07T09:19:22","date_gmt":"2014-06-07T09:19:22","guid":{"rendered":"http:\/\/www.amazonhotel.gr\/athens\/location-2\/"},"modified":"2014-06-13T23:12:02","modified_gmt":"2014-06-13T23:12:02","slug":"localite-athens","status":"publish","type":"page","link":"https:\/\/www.amazonhotel.gr\/fr\/localite-athens\/","title":{"rendered":"Localit\u00e9 &#8211; Athens"},"content":{"rendered":"<div class=\"title\"><h1>Localit\u00e9 &#8211; Athens<\/h1><div class=\"title-sep-container\"><div class=\"title-sep\"><\/div><\/div><\/div>\n<p>Au c\u0153ur d\u2019Ath\u00e8nes, sur la Place Syntagma, se trouve l\u2019h\u00f4tel Amazon, avec vue unique sur l\u2019Acropole et le Lycabette. Dans le quartier, vous trouverez des magasins de renomm\u00e9e et connus, tandis que vous pourrez vous promener dans Plaka (l\u2019ancienne ville) avec les couleurs traditionnelles de l\u2019\u00e9poque, les maisons, les sentiers pittoresques, les tavernes et les boutiques d\u2019art populaire. De nombreuses ruelles sont devenues pi\u00e9tonnes actuellement et forment un quartier tranquille avec des caf\u00e9s et des restaurants ou les Ath\u00e9niens sont habitu\u00e9s de se reposer apr\u00e8s leurs courses.<\/p>\n<p>En 15 minutes a pied, vous pouvez arriver a l\u2019Acropole et son mus\u00e9e tandis que vous pouvez \u00e9galement utiliser le nouveau m\u00e9tro d\u2019Ath\u00e8nes pour arriver au mus\u00e9e National et dans d\u2019autres quartiers de la ville La Place de la Constitution (Syntagma) est une des places les plus centrales de la capitale (l\u2019autre \u00e9tant Omonia). C\u2019est ici que ce se trouve le Parlement avec les le d\u00e9part des rues centrales de la ville (Amalias, Vassilissis Sofias, Panepistimiou, Stadiou, Ermou, Mitropoleos, etc.). A cet endroit vous pouvez visiter le jardin National, le Zappion, la M\u00e9tropole d\u2019Ath\u00e8nes, etc. La Place en question est le point de d\u00e9part des r\u00e9sidents et des touristes vers de nombreux quartiers de la capitale. La Place a \u00e9t\u00e9 r\u00e9nov\u00e9e de maintes fois. Ces derni\u00e8res ann\u00e9es, les travaux de construction du m\u00e9tro en a fait un chantier interminable. Actuellement il s\u2019agit d\u2019une des stations le plus fr\u00e9quent\u00e9es et indubitablement des plus belles puisqu\u2019elle accueille des \u0153uvres d\u2019artistes Grecs connus.<\/p>\n<p>Plaka est le quartier le plus ancien et pittoresque d\u2019Ath\u00e8nes. Il s\u2019agit d\u2019une ville dans la ville avec des ruelles rev\u00eatues de dalles qui rappellent un labyrinthe et m\u00e8nent les visiteurs dans des \u00e9poques pass\u00e9es. L\u00e0 vous aurez l\u2019occasions de voir l\u2019Ancien Agora, le Temple d\u2019Ephaiste connu comme Thisio, et la Tour des Vents. Un des quartiers les plus pittoresques de Plaka est Anafiotika sous le rocher sacr\u00e9 de l\u2019Acropole, qui ressemble \u00e0 un quartier des Cyclades en miniature. Ces derni\u00e8res ann\u00e9es, de nombreux th\u00e9\u00e2tres ont \u00e9t\u00e9 construits dans la r\u00e9gion et accueillent des repr\u00e9sentations int\u00e9ressantes jou\u00e9es par des acteurs Grecs populaires.<\/p>\n<section class=\"reading-box clearfix\" style=\"background-color:#f6f6f6 !important;border-width:1px;border-color:#f6f6f6!important;border-right, left, top or bottom-width:3px !important;border-right, left, top or bottom-color:#59371e!important;border-style:solid;\"><a href=\"https:\/\/amazonhotelathens.reserve-online.net\/\" target=\"_blank\" class=\"continue button large green\">Check Availability<\/a><h2>Fill your luggage with feelings, experiences and memories that would last a lifetime!<\/h2><a href=\"https:\/\/amazonhotelathens.reserve-online.net\/\" target=\"_blank\" class=\"continue mobile-button button large green\">Check Availability<\/a><\/section><\/p>\n<div class=\"share-box\" style=\"background-color:#f6f6f6;\">\n\t\t<h4>Share This Story, Choose Your Platform!<\/h4>\n\t\t<ul class=\"social-networks social-networks-dark\"><li class=\"facebook\">\n\t\t\t\t<a href=\"http:\/\/www.facebook.com\/sharer.php?u=http:\/\/google.com&amp;t=Title To Share\">\n\t\t\t\t\tFacebook\n\t\t\t\t<\/a>\n\t\t\t\t<div class=\"popup\">\n\t\t\t\t\t<div class=\"holder\">\n\t\t\t\t\t\t<p>Facebook<\/p>\n\t\t\t\t\t<\/div>\n\t\t\t\t<\/div>\n\t\t\t<\/li><li class=\"twitter\">\n\t\t\t\t<a href=\"http:\/\/twitter.com\/home?status=Title To Share http:\/\/google.com\">\n\t\t\t\t\tTwitter\n\t\t\t\t<\/a>\n\t\t\t\t<div class=\"popup\">\n\t\t\t\t\t<div class=\"holder\">\n\t\t\t\t\t\t<p>Twitter<\/p>\n\t\t\t\t\t<\/div>\n\t\t\t\t<\/div>\n\t\t\t<\/li><li class=\"linkedin\">\n\t\t\t\t<a href=\"http:\/\/linkedin.com\/shareArticle?mini=true&amp;url=http:\/\/google.com&amp;title=Title To Share\">\n\t\t\t\t\tLinkedIn\n\t\t\t\t<\/a>\n\t\t\t\t<div class=\"popup\">\n\t\t\t\t\t<div class=\"holder\">\n\t\t\t\t\t\t<p>LinkedIn<\/p>\n\t\t\t\t\t<\/div>\n\t\t\t\t<\/div>\n\t\t\t<\/li><li class=\"reddit\">\n\t\t\t\t<a href=\"http:\/\/reddit.com\/submit?url=http:\/\/google.com&amp;title=Title To Share\">\n\t\t\t\t\tReddit\n\t\t\t\t<\/a>\n\t\t\t\t<div class=\"popup\">\n\t\t\t\t\t<div class=\"holder\">\n\t\t\t\t\t\t<p>Reddit<\/p>\n\t\t\t\t\t<\/div>\n\t\t\t\t<\/div>\n\t\t\t<\/li><li class=\"tumblr\">\n\t\t\t\t<a href=\"http:\/\/www.tumblr.com\/share\/link?url=http%3A%2F%2Fgoogle.com&amp;name=Title+To+Share&amp;description=A+small+description+of+the+page\">\n\t\t\t\t\tTumblr\n\t\t\t\t<\/a>\n\t\t\t\t<div class=\"popup\">\n\t\t\t\t\t<div class=\"holder\">\n\t\t\t\t\t\t<p>Tumblr<\/p>\n\t\t\t\t\t<\/div>\n\t\t\t\t<\/div>\n\t\t\t<\/li><li class=\"google\">\n\t\t\t\t<a href=\"http:\/\/google.com\/bookmarks\/mark?op=edit&amp;bkmk=http:\/\/google.com&amp;title=Title To Share\">\n\t\t\t\t\tGoogle +1\n\t\t\t\t<\/a>\n\t\t\t\t<div class=\"popup\">\n\t\t\t\t\t<div class=\"holder\">\n\t\t\t\t\t\t<p>Google +1<\/p>\n\t\t\t\t\t<\/div>\n\t\t\t\t<\/div>\n\t\t\t<\/li><li class=\"pinterest\">\n\t\t\t\t<a href=\"http:\/\/pinterest.com\/pin\/create\/button\/?url=<?php echo urlencode(http:\/\/google.com); ?>&amp;description=<?php echo urlencode(Title To Share); ?>\">\n\t\t\t\t\tPinterest\n\t\t\t\t<\/a>\n\t\t\t\t<div class=\"popup\">\n\t\t\t\t\t<div class=\"holder\">\n\t\t\t\t\t\t<p>Pinterest<\/p>\n\t\t\t\t\t<\/div>\n\t\t\t\t<\/div>\n\t\t\t<\/li><li class=\"email\">\n\t\t\t\t<a href=\"mailto:?subject=Title To Share&amp;body=http:\/\/google.com\">\n\t\t\t\t\tEmail\n\t\t\t\t<\/a>\n\t\t\t\t<div class=\"popup\">\n\t\t\t\t\t<div class=\"holder\">\n\t\t\t\t\t\t<p>Email<\/p>\n\t\t\t\t\t<\/div>\n\t\t\t\t<\/div>\n\t\t\t<\/li><\/ul>\n\t<\/div>\n","protected":false},"excerpt":{"rendered":"<p>Au c\u0153ur d\u2019Ath\u00e8nes, sur la Place Syntagma, se trouve l\u2019h\u00f4tel Amazon, avec vue unique sur l\u2019Acropole et le Lycabette. Dans le quartier, vous trouverez des magasins de renomm\u00e9e et connus, tandis que vous pourrez vous promener dans Plaka (l\u2019ancienne ville) avec les couleurs traditionnelles de l\u2019\u00e9poque, les maisons, les sentiers pittoresques, les tavernes et les boutiques d\u2019art populaire. De nombreuses ruelles sont devenues pi\u00e9tonnes actuellement et forment un quartier tranquille avec des caf\u00e9s et des restaurants ou les Ath\u00e9niens sont habitu\u00e9s de se reposer apr\u00e8s leurs courses. En 15 minutes a pied, vous pouvez arriver a l\u2019Acropole et son mus\u00e9e tandis que vous pouvez \u00e9galement utiliser le nouveau m\u00e9tro d\u2019Ath\u00e8nes pour arriver au mus\u00e9e National et dans d\u2019autres quartiers de la ville La Place de la Constitution (Syntagma) est une des places les plus centrales de la capitale (l\u2019autre \u00e9tant Omonia). C\u2019est ici que ce se trouve le Parlement avec les le d\u00e9part des rues centrales de la ville (Amalias, Vassilissis Sofias, Panepistimiou, Stadiou, Ermou, Mitropoleos, etc.). A cet endroit vous pouvez visiter le jardin National, le Zappion, la M\u00e9tropole d\u2019Ath\u00e8nes, etc. La Place en question est le point de d\u00e9part des r\u00e9sidents et des touristes vers de nombreux quartiers de la capitale. La Place a \u00e9t\u00e9 r\u00e9nov\u00e9e de maintes fois. Ces derni\u00e8res ann\u00e9es, les travaux de construction du m\u00e9tro en a fait un chantier interminable. Actuellement il s\u2019agit d\u2019une des stations le plus fr\u00e9quent\u00e9es et indubitablement des plus belles puisqu\u2019elle accueille des \u0153uvres d\u2019artistes Grecs connus. Plaka est le quartier le plus ancien et pittoresque d\u2019Ath\u00e8nes. Il s\u2019agit d\u2019une ville dans la ville avec des ruelles rev\u00eatues de dalles qui rappellent un labyrinthe et m\u00e8nent les visiteurs dans des \u00e9poques pass\u00e9es. L\u00e0 vous aurez [&hellip;]<\/p>\n","protected":false},"author":1,"featured_media":0,"parent":0,"menu_order":0,"comment_status":"open","ping_status":"open","template":"","meta":{"footnotes":""},"class_list":["post-121","page","type-page","status-publish","hentry"],"aioseo_notices":[],"_links":{"self":[{"href":"https:\/\/www.amazonhotel.gr\/fr\/wp-json\/wp\/v2\/pages\/121","targetHints":{"allow":["GET"]}}],"collection":[{"href":"https:\/\/www.amazonhotel.gr\/fr\/wp-json\/wp\/v2\/pages"}],"about":[{"href":"https:\/\/www.amazonhotel.gr\/fr\/wp-json\/wp\/v2\/types\/page"}],"author":[{"embeddable":true,"href":"https:\/\/www.amazonhotel.gr\/fr\/wp-json\/wp\/v2\/users\/1"}],"replies":[{"embeddable":true,"href":"https:\/\/www.amazonhotel.gr\/fr\/wp-json\/wp\/v2\/comments?post=121"}],"version-history":[{"count":0,"href":"https:\/\/www.amazonhotel.gr\/fr\/wp-json\/wp\/v2\/pages\/121\/revisions"}],"wp:attachment":[{"href":"https:\/\/www.amazonhotel.gr\/fr\/wp-json\/wp\/v2\/media?parent=121"}],"curies":[{"name":"wp","href":"https:\/\/api.w.org\/{rel}","templated":true}]}}