{"id":123,"date":"2014-06-07T09:19:22","date_gmt":"2014-06-07T09:19:22","guid":{"rendered":"http:\/\/www.amazonhotel.gr\/athens\/location-2\/"},"modified":"2014-06-13T23:13:23","modified_gmt":"2014-06-13T23:13:23","slug":"ubicacion-athens","status":"publish","type":"page","link":"https:\/\/www.amazonhotel.gr\/es\/ubicacion-athens\/","title":{"rendered":"Ubicaci\u00f3n \u2013 Athens"},"content":{"rendered":"<div class=\"title\"><h1>Ubicaci\u00f3n \u2013 Athens<\/h1><div class=\"title-sep-container\"><div class=\"title-sep\"><\/div><\/div><\/div>\n<p>El Hotel Amazon se encuentra en el coraz\u00f3n de Atenas, en la Plaza de Syntagma, su vista hacia Acr\u00f3polis es \u00fanica y el Monte Lycabettus\u00a0En esta parte de la ciudad Ud. encontrar\u00e1 las tiendas mas famosas, adem\u00e1s de poder caminar en la pintoresca Plaka (Ciudad Vieja) de color tradicional, con sus casas, sus peque\u00f1as calles, sus tabernas y tiendas de objetos de arte popular. Muchas de estas calles en la actualidad se han transformado en calles peatonales creando de este modo un \u00e1rea relativamente tranquilo para los caf\u00e9s y los restaurantes en donde los atenienses suelen descansar despu\u00e9s de hacer sus compras. Despu\u00e9s de caminar 15 minutos Ud. puede llegar a Acr\u00f3polis y a su Museo. Adem\u00e1s Ud. podr\u00e1 utilizar el Metro de Atenas para llegar al Museo Nacional o a otras partes de la ciudad.<\/p>\n<p>La Plaza de Syntagma es una de las dos plazas centrales de la capital ( la otra es la Plaza Omonia ). Aqu\u00ed se encuentra el Palacio del Parlamento y de aqu\u00ed parten las calles centrales de la ciudad ( Avenida Amalias, Vasilisis Sofias, Calle Panepistimiou, Stadiou, Ermou, Mitropoleos, etc.) Desde aqu\u00ed Ud. podr\u00e1 visitar el Jard\u00edn Nacional, el Zappion, la Catedral de Atenas, etc. La Plaza de Syntagma constituye el punto de arranque para el desplazamiento de los ciudadanos y de los turistas hacia otras partes de la capital.<\/p>\n<p>La Plaza de Syntagma ha sido renovada en muchas ocasiones. Los \u00faltimos a\u00f1os, en virtud de las obras para la construcci\u00f3n del Metro, la Plaza se hab\u00eda transformado en una verdadera estaci\u00f3n de obras. Hoy d\u00eda constituye una de las estaciones de mayor movimiento y sin duda alguna una de las mas hermosas visto que la adornan obras de importantes artistas griegos.<\/p>\n<p>Plaka es el barrio mas pintoresco y mas antiguo de Atenas. Se trata de una ciudad dentro de la ciudad con sus estrechas y tortuosas callejuelas que llevan el visitante a otras \u00e9pocas. Ah\u00ed Ud. podr\u00e1 visitar la Antigua \u00c1gora, el Templo de Hefesto, conocido como Teseo y la Torre de los Vientos. Anafiotika es uno de los puntos mas atractivos de Plaka. Se encuentra a los pies de Acr\u00f3polis y se parece con cualquier poblado de las islas Ciclades. Los \u00faltimos a\u00f1os ha sido construido gran numero de teatros en esta \u00e1rea en los que act\u00faan famosos atores griegos.<\/p>\n<section class=\"reading-box clearfix\" style=\"background-color:#f6f6f6 !important;border-width:1px;border-color:#f6f6f6!important;border-right, left, top or bottom-width:3px !important;border-right, left, top or bottom-color:#59371e!important;border-style:solid;\"><a href=\"https:\/\/amazonhotelathens.reserve-online.net\/\" target=\"_blank\" class=\"continue button large green\">Check Availability<\/a><h2>Fill your luggage with feelings, experiences and memories that would last a lifetime!<\/h2><a href=\"https:\/\/amazonhotelathens.reserve-online.net\/\" target=\"_blank\" class=\"continue mobile-button button large green\">Check Availability<\/a><\/section><\/p>\n<div class=\"share-box\" style=\"background-color:#f6f6f6;\">\n\t\t<h4>Share This Story, Choose Your Platform!<\/h4>\n\t\t<ul class=\"social-networks social-networks-dark\"><li class=\"facebook\">\n\t\t\t\t<a href=\"http:\/\/www.facebook.com\/sharer.php?u=http:\/\/google.com&amp;t=Title To Share\">\n\t\t\t\t\tFacebook\n\t\t\t\t<\/a>\n\t\t\t\t<div class=\"popup\">\n\t\t\t\t\t<div class=\"holder\">\n\t\t\t\t\t\t<p>Facebook<\/p>\n\t\t\t\t\t<\/div>\n\t\t\t\t<\/div>\n\t\t\t<\/li><li class=\"twitter\">\n\t\t\t\t<a href=\"http:\/\/twitter.com\/home?status=Title To Share http:\/\/google.com\">\n\t\t\t\t\tTwitter\n\t\t\t\t<\/a>\n\t\t\t\t<div class=\"popup\">\n\t\t\t\t\t<div class=\"holder\">\n\t\t\t\t\t\t<p>Twitter<\/p>\n\t\t\t\t\t<\/div>\n\t\t\t\t<\/div>\n\t\t\t<\/li><li class=\"linkedin\">\n\t\t\t\t<a href=\"http:\/\/linkedin.com\/shareArticle?mini=true&amp;url=http:\/\/google.com&amp;title=Title To Share\">\n\t\t\t\t\tLinkedIn\n\t\t\t\t<\/a>\n\t\t\t\t<div class=\"popup\">\n\t\t\t\t\t<div class=\"holder\">\n\t\t\t\t\t\t<p>LinkedIn<\/p>\n\t\t\t\t\t<\/div>\n\t\t\t\t<\/div>\n\t\t\t<\/li><li class=\"reddit\">\n\t\t\t\t<a href=\"http:\/\/reddit.com\/submit?url=http:\/\/google.com&amp;title=Title To Share\">\n\t\t\t\t\tReddit\n\t\t\t\t<\/a>\n\t\t\t\t<div class=\"popup\">\n\t\t\t\t\t<div class=\"holder\">\n\t\t\t\t\t\t<p>Reddit<\/p>\n\t\t\t\t\t<\/div>\n\t\t\t\t<\/div>\n\t\t\t<\/li><li class=\"tumblr\">\n\t\t\t\t<a href=\"http:\/\/www.tumblr.com\/share\/link?url=http%3A%2F%2Fgoogle.com&amp;name=Title+To+Share&amp;description=A+small+description+of+the+page\">\n\t\t\t\t\tTumblr\n\t\t\t\t<\/a>\n\t\t\t\t<div class=\"popup\">\n\t\t\t\t\t<div class=\"holder\">\n\t\t\t\t\t\t<p>Tumblr<\/p>\n\t\t\t\t\t<\/div>\n\t\t\t\t<\/div>\n\t\t\t<\/li><li class=\"google\">\n\t\t\t\t<a href=\"http:\/\/google.com\/bookmarks\/mark?op=edit&amp;bkmk=http:\/\/google.com&amp;title=Title To Share\">\n\t\t\t\t\tGoogle +1\n\t\t\t\t<\/a>\n\t\t\t\t<div class=\"popup\">\n\t\t\t\t\t<div class=\"holder\">\n\t\t\t\t\t\t<p>Google +1<\/p>\n\t\t\t\t\t<\/div>\n\t\t\t\t<\/div>\n\t\t\t<\/li><li class=\"pinterest\">\n\t\t\t\t<a href=\"http:\/\/pinterest.com\/pin\/create\/button\/?url=<?php echo urlencode(http:\/\/google.com); ?>&amp;description=<?php echo urlencode(Title To Share); ?>\">\n\t\t\t\t\tPinterest\n\t\t\t\t<\/a>\n\t\t\t\t<div class=\"popup\">\n\t\t\t\t\t<div class=\"holder\">\n\t\t\t\t\t\t<p>Pinterest<\/p>\n\t\t\t\t\t<\/div>\n\t\t\t\t<\/div>\n\t\t\t<\/li><li class=\"email\">\n\t\t\t\t<a href=\"mailto:?subject=Title To Share&amp;body=http:\/\/google.com\">\n\t\t\t\t\tEmail\n\t\t\t\t<\/a>\n\t\t\t\t<div class=\"popup\">\n\t\t\t\t\t<div class=\"holder\">\n\t\t\t\t\t\t<p>Email<\/p>\n\t\t\t\t\t<\/div>\n\t\t\t\t<\/div>\n\t\t\t<\/li><\/ul>\n\t<\/div>\n","protected":false},"excerpt":{"rendered":"<p>El Hotel Amazon se encuentra en el coraz\u00f3n de Atenas, en la Plaza de Syntagma, su vista hacia Acr\u00f3polis es \u00fanica y el Monte Lycabettus\u00a0En esta parte de la ciudad Ud. encontrar\u00e1 las tiendas mas famosas, adem\u00e1s de poder caminar en la pintoresca Plaka (Ciudad Vieja) de color tradicional, con sus casas, sus peque\u00f1as calles, sus tabernas y tiendas de objetos de arte popular. Muchas de estas calles en la actualidad se han transformado en calles peatonales creando de este modo un \u00e1rea relativamente tranquilo para los caf\u00e9s y los restaurantes en donde los atenienses suelen descansar despu\u00e9s de hacer sus compras. Despu\u00e9s de caminar 15 minutos Ud. puede llegar a Acr\u00f3polis y a su Museo. Adem\u00e1s Ud. podr\u00e1 utilizar el Metro de Atenas para llegar al Museo Nacional o a otras partes de la ciudad. La Plaza de Syntagma es una de las dos plazas centrales de la capital ( la otra es la Plaza Omonia ). Aqu\u00ed se encuentra el Palacio del Parlamento y de aqu\u00ed parten las calles centrales de la ciudad ( Avenida Amalias, Vasilisis Sofias, Calle Panepistimiou, Stadiou, Ermou, Mitropoleos, etc.) Desde aqu\u00ed Ud. podr\u00e1 visitar el Jard\u00edn Nacional, el Zappion, la Catedral de Atenas, etc. La Plaza de Syntagma constituye el punto de arranque para el desplazamiento de los ciudadanos y de los turistas hacia otras partes de la capital. La Plaza de Syntagma ha sido renovada en muchas ocasiones. Los \u00faltimos a\u00f1os, en virtud de las obras para la construcci\u00f3n del Metro, la Plaza se hab\u00eda transformado en una verdadera estaci\u00f3n de obras. Hoy d\u00eda constituye una de las estaciones de mayor movimiento y sin duda alguna una de las mas hermosas visto que la adornan obras de [&hellip;]<\/p>\n","protected":false},"author":1,"featured_media":0,"parent":0,"menu_order":0,"comment_status":"open","ping_status":"open","template":"","meta":{"footnotes":""},"class_list":["post-123","page","type-page","status-publish","hentry"],"aioseo_notices":[],"_links":{"self":[{"href":"https:\/\/www.amazonhotel.gr\/es\/wp-json\/wp\/v2\/pages\/123","targetHints":{"allow":["GET"]}}],"collection":[{"href":"https:\/\/www.amazonhotel.gr\/es\/wp-json\/wp\/v2\/pages"}],"about":[{"href":"https:\/\/www.amazonhotel.gr\/es\/wp-json\/wp\/v2\/types\/page"}],"author":[{"embeddable":true,"href":"https:\/\/www.amazonhotel.gr\/es\/wp-json\/wp\/v2\/users\/1"}],"replies":[{"embeddable":true,"href":"https:\/\/www.amazonhotel.gr\/es\/wp-json\/wp\/v2\/comments?post=123"}],"version-history":[{"count":0,"href":"https:\/\/www.amazonhotel.gr\/es\/wp-json\/wp\/v2\/pages\/123\/revisions"}],"wp:attachment":[{"href":"https:\/\/www.amazonhotel.gr\/es\/wp-json\/wp\/v2\/media?parent=123"}],"curies":[{"name":"wp","href":"https:\/\/api.w.org\/{rel}","templated":true}]}}