{"id":93,"date":"2014-06-06T22:01:18","date_gmt":"2014-06-06T22:01:18","guid":{"rendered":"http:\/\/www.amazonhotel.gr\/athens\/home-2\/"},"modified":"2022-05-05T11:49:18","modified_gmt":"2022-05-05T11:49:18","slug":"home","status":"publish","type":"page","link":"https:\/\/www.amazonhotel.gr\/de\/","title":{"rendered":"Home"},"content":{"rendered":"<div class=\"title\"><h1>Willkommen zu Amazon Hotel Athen<\/h1><div class=\"title-sep-container\"><div class=\"title-sep\"><\/div><\/div><\/div>\n<p>Das Hotel Amazon befindet sich am Syntagma Platz, im Herzen von Athen, in der malerischen Nachbarschaft von Plaka. Es wurde vor kurzem renoviert und verf\u00fcgt es \u00fcber den gesamten Komfort und erfahrenes Personal. Im Amazon Hotel Athens werden Sie sofort die freundliche und famili\u00e4re Umgebung feststellen, die notwendig ist, damit ihr Aufenthalt angenehm wird.<\/p>\n<p>Unseres erfahrenes Personal als auch der Empfang erfullen Ihnen jeden Wunsch 24 Stunden am Tag, damit Ihr Aufenthalt immer angenehm ist.<\/p>\n<section class=\"reading-box clearfix\" style=\"background-color:#f6f6f6 !important;border-width:1px;border-color:#f6f6f6!important;border-right, left, top or bottom-width:3px !important;border-right, left, top or bottom-color:#59371e!important;border-style:solid;\"><a href=\"https:\/\/myhotel-wallet.com:22350\/precheckin\/barcode?h=ef72aef6ec\" target=\"_self\" class=\"continue button large green\"> Click Here<\/a><h2>For Untouchable and Fast Check In<\/h2><a href=\"https:\/\/myhotel-wallet.com:22350\/precheckin\/barcode?h=ef72aef6ec\" target=\"_self\" class=\"continue mobile-button button large green\"> Click Here<\/a><\/section>\n<section class=\"reading-box clearfix\" style=\"background-color:#f6f6f6 !important;border-width:1px;border-color:#f6f6f6!important;border-right, left, top or bottom-width:3px !important;border-right, left, top or bottom-color:#59371e!important;border-style:solid;\"><a href=\"https:\/\/amazonhotelathens.reserve-online.net\/\" target=\"_blank\" class=\"continue button large green\">Book Now<\/a><h2>Fill your luggage with feelings, experiences and memories that would last a lifetime!<\/h2><a href=\"https:\/\/amazonhotelathens.reserve-online.net\/\" target=\"_blank\" class=\"continue mobile-button button large green\">Book Now<\/a><\/section>\n<div class=\"share-box\" style=\"background-color:#f6f6f6;\">\n\t\t<h4>Share This Story, Choose Your Platform!<\/h4>\n\t\t<ul class=\"social-networks social-networks-dark\"><li class=\"facebook\">\n\t\t\t\t<a href=\"http:\/\/www.facebook.com\/sharer.php?u=http:\/\/google.com&amp;t=Title To Share\">\n\t\t\t\t\tFacebook\n\t\t\t\t<\/a>\n\t\t\t\t<div class=\"popup\">\n\t\t\t\t\t<div class=\"holder\">\n\t\t\t\t\t\t<p>Facebook<\/p>\n\t\t\t\t\t<\/div>\n\t\t\t\t<\/div>\n\t\t\t<\/li><li class=\"twitter\">\n\t\t\t\t<a href=\"http:\/\/twitter.com\/home?status=Title To Share http:\/\/google.com\">\n\t\t\t\t\tTwitter\n\t\t\t\t<\/a>\n\t\t\t\t<div class=\"popup\">\n\t\t\t\t\t<div class=\"holder\">\n\t\t\t\t\t\t<p>Twitter<\/p>\n\t\t\t\t\t<\/div>\n\t\t\t\t<\/div>\n\t\t\t<\/li><li class=\"linkedin\">\n\t\t\t\t<a href=\"http:\/\/linkedin.com\/shareArticle?mini=true&amp;url=http:\/\/google.com&amp;title=Title To Share\">\n\t\t\t\t\tLinkedIn\n\t\t\t\t<\/a>\n\t\t\t\t<div class=\"popup\">\n\t\t\t\t\t<div class=\"holder\">\n\t\t\t\t\t\t<p>LinkedIn<\/p>\n\t\t\t\t\t<\/div>\n\t\t\t\t<\/div>\n\t\t\t<\/li><li class=\"reddit\">\n\t\t\t\t<a href=\"http:\/\/reddit.com\/submit?url=http:\/\/google.com&amp;title=Title To Share\">\n\t\t\t\t\tReddit\n\t\t\t\t<\/a>\n\t\t\t\t<div class=\"popup\">\n\t\t\t\t\t<div class=\"holder\">\n\t\t\t\t\t\t<p>Reddit<\/p>\n\t\t\t\t\t<\/div>\n\t\t\t\t<\/div>\n\t\t\t<\/li><li class=\"tumblr\">\n\t\t\t\t<a href=\"http:\/\/www.tumblr.com\/share\/link?url=http%3A%2F%2Fgoogle.com&amp;name=Title+To+Share&amp;description=A+small+description+of+the+page\">\n\t\t\t\t\tTumblr\n\t\t\t\t<\/a>\n\t\t\t\t<div class=\"popup\">\n\t\t\t\t\t<div class=\"holder\">\n\t\t\t\t\t\t<p>Tumblr<\/p>\n\t\t\t\t\t<\/div>\n\t\t\t\t<\/div>\n\t\t\t<\/li><li class=\"google\">\n\t\t\t\t<a href=\"http:\/\/google.com\/bookmarks\/mark?op=edit&amp;bkmk=http:\/\/google.com&amp;title=Title To Share\">\n\t\t\t\t\tGoogle +1\n\t\t\t\t<\/a>\n\t\t\t\t<div class=\"popup\">\n\t\t\t\t\t<div class=\"holder\">\n\t\t\t\t\t\t<p>Google +1<\/p>\n\t\t\t\t\t<\/div>\n\t\t\t\t<\/div>\n\t\t\t<\/li><li class=\"pinterest\">\n\t\t\t\t<a href=\"http:\/\/pinterest.com\/pin\/create\/button\/?url=<?php echo urlencode(http:\/\/google.com); ?>&amp;description=<?php echo urlencode(Title To Share); ?>\">\n\t\t\t\t\tPinterest\n\t\t\t\t<\/a>\n\t\t\t\t<div class=\"popup\">\n\t\t\t\t\t<div class=\"holder\">\n\t\t\t\t\t\t<p>Pinterest<\/p>\n\t\t\t\t\t<\/div>\n\t\t\t\t<\/div>\n\t\t\t<\/li><li class=\"email\">\n\t\t\t\t<a href=\"mailto:?subject=Title To Share&amp;body=http:\/\/google.com\">\n\t\t\t\t\tEmail\n\t\t\t\t<\/a>\n\t\t\t\t<div class=\"popup\">\n\t\t\t\t\t<div class=\"holder\">\n\t\t\t\t\t\t<p>Email<\/p>\n\t\t\t\t\t<\/div>\n\t\t\t\t<\/div>\n\t\t\t<\/li><\/ul>\n\t<\/div>\n<\/p>\n<p>&nbsp;<\/p>\n<p>&nbsp;<\/p>\n<p>&nbsp;<\/p>\n<p>&nbsp;<\/p>\n<p>&nbsp;<\/p>\n<table style=\"border-collapse: collapse; width: 100%; height: 106px;\">\n<tbody>\n<tr>\n<td style=\"width: 33.3333%; text-align: center;\" colspan=\"2\"><span style=\"text-decoration: underline;\"><span style=\"font-size: 10pt;\">Click on banners for details<\/span><\/span><\/td>\n<\/tr>\n<tr style=\"height: 62px;\">\n<td style=\"width: 33.3333%; height: 62px; text-align: center;\">\n<a href=\"https:\/\/www.amazonhotel.gr\/athens\/wp-content\/uploads\/2021\/12\/TOURISMOS_\u039c\u039c\u0395_WEBEN.pdf\" target=\"_blank\" rel=\"noopener\"><img loading=\"lazy\" decoding=\"async\" class=\"aligncenter wp-image-854\" title=\"Click to open\" src=\"https:\/\/www.amazonhotel.gr\/athens\/wp-content\/uploads\/2021\/12\/e-bannersEUERDF730X90-300x38.jpg\" alt=\"Click to open\" width=\"557\" height=\"70\" srcset=\"https:\/\/www.amazonhotel.gr\/athens\/wp-content\/uploads\/2021\/12\/e-bannersEUERDF730X90-300x38.jpg 300w, https:\/\/www.amazonhotel.gr\/athens\/wp-content\/uploads\/2021\/12\/e-bannersEUERDF730X90.jpg 732w\" sizes=\"auto, (max-width: 557px) 100vw, 557px\" \/><\/a><\/td>\n<td style=\"width: 33.3333%; height: 62px; text-align: center;\"><a href=\"https:\/\/www.amazonhotel.gr\/athens\/wp-content\/uploads\/2022\/02\/Afisa-Site-EL.pdf\" target=\"_blank\" rel=\"noopener\"><img loading=\"lazy\" decoding=\"async\" class=\"alignnone wp-image-865 size-full aligncenter\" src=\"https:\/\/www.amazonhotel.gr\/athens\/wp-content\/uploads\/2022\/02\/e-banner-EL.jpg\" alt=\"\" width=\"182\" height=\"92\" srcset=\"https:\/\/www.amazonhotel.gr\/athens\/wp-content\/uploads\/2022\/02\/e-banner-EL.jpg 182w, https:\/\/www.amazonhotel.gr\/athens\/wp-content\/uploads\/2022\/02\/e-banner-EL-180x92.jpg 180w\" sizes=\"auto, (max-width: 182px) 100vw, 182px\" \/><\/a><\/td>\n<\/tr>\n<tr style=\"height: 44px;\">\n<td style=\"width: 33.3333%; height: 44px;\">\n<p style=\"text-align: center;\"><a href=\"https:\/\/www.amazonhotel.gr\/athens\/wp-content\/uploads\/2021\/12\/TOURISMOS_\u039c\u039c\u0395_WEB.pdf\" target=\"_blank\" rel=\"noopener\"><br \/>\n<\/a><a href=\"https:\/\/www.amazonhotel.gr\/athens\/wp-content\/uploads\/2021\/12\/TOURISMOS_\u039c\u039c\u0395_WEB.pdf\" target=\"_blank\" rel=\"noopener\"><img loading=\"lazy\" decoding=\"async\" class=\"alignnone wp-image-855\" title=\"Click to open\" src=\"https:\/\/www.amazonhotel.gr\/athens\/wp-content\/uploads\/2021\/12\/e-bannerespaE\u03a4\u03a0\u0391728X90-300x38.jpg\" alt=\"Click to open\" width=\"555\" height=\"70\" srcset=\"https:\/\/www.amazonhotel.gr\/athens\/wp-content\/uploads\/2021\/12\/e-bannerespaE\u03a4\u03a0\u0391728X90-300x38.jpg 300w, https:\/\/www.amazonhotel.gr\/athens\/wp-content\/uploads\/2021\/12\/e-bannerespaE\u03a4\u03a0\u0391728X90.jpg 729w\" sizes=\"auto, (max-width: 555px) 100vw, 555px\" \/><\/a><\/p>\n<\/td>\n<td style=\"width: 33.3333%; height: 44px; text-align: center;\"><a href=\"https:\/\/www.amazonhotel.gr\/athens\/wp-content\/uploads\/2022\/02\/Afisa-Site-EN.pdf\" target=\"_blank\" rel=\"noopener\"><img loading=\"lazy\" decoding=\"async\" class=\"alignnone wp-image-866 size-full aligncenter\" src=\"https:\/\/www.amazonhotel.gr\/athens\/wp-content\/uploads\/2022\/02\/e-banner-ENG.jpg\" alt=\"\" width=\"181\" height=\"91\" \/><\/a><\/td>\n<\/tr>\n<\/tbody>\n<\/table>\n","protected":false},"excerpt":{"rendered":"<p>Das Hotel Amazon befindet sich am Syntagma Platz, im Herzen von Athen, in der malerischen Nachbarschaft von Plaka. Es wurde vor kurzem renoviert und verf\u00fcgt es \u00fcber den gesamten Komfort und erfahrenes Personal. Im Amazon Hotel Athens werden Sie sofort die freundliche und famili\u00e4re Umgebung feststellen, die notwendig ist, damit ihr Aufenthalt angenehm wird. Unseres erfahrenes Personal als auch der Empfang erfullen Ihnen jeden Wunsch 24 Stunden am Tag, damit Ihr Aufenthalt immer angenehm ist. &nbsp; &nbsp; &nbsp; &nbsp; &nbsp; Click on banners for details<\/p>\n","protected":false},"author":1,"featured_media":0,"parent":0,"menu_order":0,"comment_status":"open","ping_status":"open","template":"","meta":{"footnotes":""},"class_list":["post-93","page","type-page","status-publish","hentry"],"aioseo_notices":[],"_links":{"self":[{"href":"https:\/\/www.amazonhotel.gr\/de\/wp-json\/wp\/v2\/pages\/93","targetHints":{"allow":["GET"]}}],"collection":[{"href":"https:\/\/www.amazonhotel.gr\/de\/wp-json\/wp\/v2\/pages"}],"about":[{"href":"https:\/\/www.amazonhotel.gr\/de\/wp-json\/wp\/v2\/types\/page"}],"author":[{"embeddable":true,"href":"https:\/\/www.amazonhotel.gr\/de\/wp-json\/wp\/v2\/users\/1"}],"replies":[{"embeddable":true,"href":"https:\/\/www.amazonhotel.gr\/de\/wp-json\/wp\/v2\/comments?post=93"}],"version-history":[{"count":1,"href":"https:\/\/www.amazonhotel.gr\/de\/wp-json\/wp\/v2\/pages\/93\/revisions"}],"predecessor-version":[{"id":890,"href":"https:\/\/www.amazonhotel.gr\/de\/wp-json\/wp\/v2\/pages\/93\/revisions\/890"}],"wp:attachment":[{"href":"https:\/\/www.amazonhotel.gr\/de\/wp-json\/wp\/v2\/media?parent=93"}],"curies":[{"name":"wp","href":"https:\/\/api.w.org\/{rel}","templated":true}]}}