{"id":132,"date":"2014-06-07T09:20:11","date_gmt":"2014-06-07T09:20:11","guid":{"rendered":"http:\/\/www.amazonhotel.gr\/athens\/facilities-2\/"},"modified":"2021-09-22T17:49:32","modified_gmt":"2021-09-22T17:49:32","slug":"leistungen-einrichtungen","status":"publish","type":"page","link":"https:\/\/www.amazonhotel.gr\/de\/leistungen-einrichtungen\/","title":{"rendered":"Leistungen &#8211; Einrichtungen"},"content":{"rendered":"<div class=\"title\"><h1>Leistungen &#8211; Einrichtungen<\/h1><div class=\"title-sep-container\"><div class=\"title-sep\"><\/div><\/div><\/div>\n<p>Das erfahrene Personal als auch der Portier unseres Hotels stehen ihnen zu jeder Tags-\/Nachtszeit zur Verf\u00fcgung, damit Ihr Aufenthalt immer angenehm bleibt. Das Hotel \u00fcbernimmt auch die Aufbewahrung Ihres Gep\u00e4cks, dessen Bef\u00f6rderung vom und zum AMAZON, die Organisation von Ausfl\u00fcgen, die Fahrzeug- und Motorradvermietung, als auch Studiomassage (nach Verabredung). In der ersten Etage des Hotels Amazon befinden sich das Cafe1 und der Fr\u00fchst\u00fcckssaal. Das Hotel verf\u00fcgt gleichwohl \u00fcber einen kleinen Konferenzsaal f\u00fcr die beruflichen Tagungen. Unabh\u00e4ngig vom Zweck Ihrer Reise wird die freundliche und famili\u00e4re Umgebung des Hotels AMAZON Ihren Aufenthalt in Athen angenehm gestalten.<\/p>\n<ul>\n<li>Secure room key technology<\/li>\n<li>Fruhstuckssaal<\/li>\n<li>Bar und Snack Bar<\/li>\n<li>Alltagliches Aufraumen<\/li>\n<li>Cafe-Bar<\/li>\n<li>Konferenzzentrum (Internetverbindung)<\/li>\n<li><span lang=\"EN-US\">Unterst\u00fctzung bei der taxi Vereinbarungen<\/span><\/li>\n<li>Ausfluge<\/li>\n<li>Kleidungsreinigung<\/li>\n<\/ul>\n<p>&nbsp;<\/p>\n<section class=\"reading-box clearfix\" style=\"background-color:#f6f6f6 !important;border-width:1px;border-color:#f6f6f6!important;border-right, left, top or bottom-width:3px !important;border-right, left, top or bottom-color:#59371e!important;border-style:solid;\"><a href=\"https:\/\/amazonhotelathens.reserve-online.net\/\" target=\"_blank\" class=\"continue button large green\">Check Availability<\/a><h2>Fill your luggage with feelings, experiences and memories that would last a lifetime!<\/h2><a href=\"https:\/\/amazonhotelathens.reserve-online.net\/\" target=\"_blank\" class=\"continue mobile-button button large green\">Check Availability<\/a><\/section>\n<div class=\"share-box\" style=\"background-color:#f6f6f6;\">\n\t\t<h4>Share This Story, Choose Your Platform!<\/h4>\n\t\t<ul class=\"social-networks social-networks-dark\"><li class=\"facebook\">\n\t\t\t\t<a href=\"http:\/\/www.facebook.com\/sharer.php?u=http:\/\/google.com&amp;t=Title To Share\">\n\t\t\t\t\tFacebook\n\t\t\t\t<\/a>\n\t\t\t\t<div class=\"popup\">\n\t\t\t\t\t<div class=\"holder\">\n\t\t\t\t\t\t<p>Facebook<\/p>\n\t\t\t\t\t<\/div>\n\t\t\t\t<\/div>\n\t\t\t<\/li><li class=\"twitter\">\n\t\t\t\t<a href=\"http:\/\/twitter.com\/home?status=Title To Share http:\/\/google.com\">\n\t\t\t\t\tTwitter\n\t\t\t\t<\/a>\n\t\t\t\t<div class=\"popup\">\n\t\t\t\t\t<div class=\"holder\">\n\t\t\t\t\t\t<p>Twitter<\/p>\n\t\t\t\t\t<\/div>\n\t\t\t\t<\/div>\n\t\t\t<\/li><li class=\"linkedin\">\n\t\t\t\t<a href=\"http:\/\/linkedin.com\/shareArticle?mini=true&amp;url=http:\/\/google.com&amp;title=Title To Share\">\n\t\t\t\t\tLinkedIn\n\t\t\t\t<\/a>\n\t\t\t\t<div class=\"popup\">\n\t\t\t\t\t<div class=\"holder\">\n\t\t\t\t\t\t<p>LinkedIn<\/p>\n\t\t\t\t\t<\/div>\n\t\t\t\t<\/div>\n\t\t\t<\/li><li class=\"reddit\">\n\t\t\t\t<a href=\"http:\/\/reddit.com\/submit?url=http:\/\/google.com&amp;title=Title To Share\">\n\t\t\t\t\tReddit\n\t\t\t\t<\/a>\n\t\t\t\t<div class=\"popup\">\n\t\t\t\t\t<div class=\"holder\">\n\t\t\t\t\t\t<p>Reddit<\/p>\n\t\t\t\t\t<\/div>\n\t\t\t\t<\/div>\n\t\t\t<\/li><li class=\"tumblr\">\n\t\t\t\t<a href=\"http:\/\/www.tumblr.com\/share\/link?url=http%3A%2F%2Fgoogle.com&amp;name=Title+To+Share&amp;description=A+small+description+of+the+page\">\n\t\t\t\t\tTumblr\n\t\t\t\t<\/a>\n\t\t\t\t<div class=\"popup\">\n\t\t\t\t\t<div class=\"holder\">\n\t\t\t\t\t\t<p>Tumblr<\/p>\n\t\t\t\t\t<\/div>\n\t\t\t\t<\/div>\n\t\t\t<\/li><li class=\"google\">\n\t\t\t\t<a href=\"http:\/\/google.com\/bookmarks\/mark?op=edit&amp;bkmk=http:\/\/google.com&amp;title=Title To Share\">\n\t\t\t\t\tGoogle +1\n\t\t\t\t<\/a>\n\t\t\t\t<div class=\"popup\">\n\t\t\t\t\t<div class=\"holder\">\n\t\t\t\t\t\t<p>Google +1<\/p>\n\t\t\t\t\t<\/div>\n\t\t\t\t<\/div>\n\t\t\t<\/li><li class=\"pinterest\">\n\t\t\t\t<a href=\"http:\/\/pinterest.com\/pin\/create\/button\/?url=<?php echo urlencode(http:\/\/google.com); ?>&amp;description=<?php echo urlencode(Title To Share); ?>\">\n\t\t\t\t\tPinterest\n\t\t\t\t<\/a>\n\t\t\t\t<div class=\"popup\">\n\t\t\t\t\t<div class=\"holder\">\n\t\t\t\t\t\t<p>Pinterest<\/p>\n\t\t\t\t\t<\/div>\n\t\t\t\t<\/div>\n\t\t\t<\/li><li class=\"email\">\n\t\t\t\t<a href=\"mailto:?subject=Title To Share&amp;body=http:\/\/google.com\">\n\t\t\t\t\tEmail\n\t\t\t\t<\/a>\n\t\t\t\t<div class=\"popup\">\n\t\t\t\t\t<div class=\"holder\">\n\t\t\t\t\t\t<p>Email<\/p>\n\t\t\t\t\t<\/div>\n\t\t\t\t<\/div>\n\t\t\t<\/li><\/ul>\n\t<\/div>\n","protected":false},"excerpt":{"rendered":"<p>Das erfahrene Personal als auch der Portier unseres Hotels stehen ihnen zu jeder Tags-\/Nachtszeit zur Verf\u00fcgung, damit Ihr Aufenthalt immer angenehm bleibt. Das Hotel \u00fcbernimmt auch die Aufbewahrung Ihres Gep\u00e4cks, dessen Bef\u00f6rderung vom und zum AMAZON, die Organisation von Ausfl\u00fcgen, die Fahrzeug- und Motorradvermietung, als auch Studiomassage (nach Verabredung). In der ersten Etage des Hotels Amazon befinden sich das Cafe1 und der Fr\u00fchst\u00fcckssaal. Das Hotel verf\u00fcgt gleichwohl \u00fcber einen kleinen Konferenzsaal f\u00fcr die beruflichen Tagungen. Unabh\u00e4ngig vom Zweck Ihrer Reise wird die freundliche und famili\u00e4re Umgebung des Hotels AMAZON Ihren Aufenthalt in Athen angenehm gestalten. Secure room key technology Fruhstuckssaal Bar und Snack Bar Alltagliches Aufraumen Cafe-Bar Konferenzzentrum (Internetverbindung) Unterst\u00fctzung bei der taxi Vereinbarungen Ausfluge Kleidungsreinigung &nbsp;<\/p>\n","protected":false},"author":1,"featured_media":0,"parent":0,"menu_order":0,"comment_status":"open","ping_status":"open","template":"","meta":{"footnotes":""},"class_list":["post-132","page","type-page","status-publish","hentry"],"aioseo_notices":[],"_links":{"self":[{"href":"https:\/\/www.amazonhotel.gr\/de\/wp-json\/wp\/v2\/pages\/132","targetHints":{"allow":["GET"]}}],"collection":[{"href":"https:\/\/www.amazonhotel.gr\/de\/wp-json\/wp\/v2\/pages"}],"about":[{"href":"https:\/\/www.amazonhotel.gr\/de\/wp-json\/wp\/v2\/types\/page"}],"author":[{"embeddable":true,"href":"https:\/\/www.amazonhotel.gr\/de\/wp-json\/wp\/v2\/users\/1"}],"replies":[{"embeddable":true,"href":"https:\/\/www.amazonhotel.gr\/de\/wp-json\/wp\/v2\/comments?post=132"}],"version-history":[{"count":0,"href":"https:\/\/www.amazonhotel.gr\/de\/wp-json\/wp\/v2\/pages\/132\/revisions"}],"wp:attachment":[{"href":"https:\/\/www.amazonhotel.gr\/de\/wp-json\/wp\/v2\/media?parent=132"}],"curies":[{"name":"wp","href":"https:\/\/api.w.org\/{rel}","templated":true}]}}